{"id":4406,"date":"2025-10-23T12:06:40","date_gmt":"2025-10-23T12:06:40","guid":{"rendered":"https:\/\/wangfamirie.com\/?post_type=product&#038;p=4406"},"modified":"2026-02-05T23:40:10","modified_gmt":"2026-02-05T23:40:10","slug":"molped-yogun-koruma-gunluk-ped-60pc","status":"publish","type":"product","link":"https:\/\/wangfamirie.com\/nl\/product\/molped-yogun-koruma-gunluk-ped-60pc\/","title":{"rendered":"Molped Yo\u011fun Koruma G\u00fcnl\u00fck Ped 60pc(Gbm)"},"content":{"rendered":"","protected":false},"excerpt":{"rendered":"","protected":false},"featured_media":4411,"comment_status":"open","ping_status":"closed","template":"","meta":[],"product_brand":[],"product_cat":[15,129],"product_tag":[],"class_list":{"0":"post-4406","1":"product","2":"type-product","3":"status-publish","4":"has-post-thumbnail","6":"product_cat-boodschappen","7":"product_cat-dames","9":"first","10":"instock","11":"taxable","12":"shipping-taxable","13":"purchasable","14":"product-type-simple"},"_links":{"self":[{"href":"https:\/\/wangfamirie.com\/nl\/wp-json\/wp\/v2\/product\/4406","targetHints":{"allow":["GET"]}}],"collection":[{"href":"https:\/\/wangfamirie.com\/nl\/wp-json\/wp\/v2\/product"}],"about":[{"href":"https:\/\/wangfamirie.com\/nl\/wp-json\/wp\/v2\/types\/product"}],"replies":[{"embeddable":true,"href":"https:\/\/wangfamirie.com\/nl\/wp-json\/wp\/v2\/comments?post=4406"}],"wp:featuredmedia":[{"embeddable":true,"href":"https:\/\/wangfamirie.com\/nl\/wp-json\/wp\/v2\/media\/4411"}],"wp:attachment":[{"href":"https:\/\/wangfamirie.com\/nl\/wp-json\/wp\/v2\/media?parent=4406"}],"wp:term":[{"taxonomy":"product_brand","embeddable":true,"href":"https:\/\/wangfamirie.com\/nl\/wp-json\/wp\/v2\/product_brand?post=4406"},{"taxonomy":"product_cat","embeddable":true,"href":"https:\/\/wangfamirie.com\/nl\/wp-json\/wp\/v2\/product_cat?post=4406"},{"taxonomy":"product_tag","embeddable":true,"href":"https:\/\/wangfamirie.com\/nl\/wp-json\/wp\/v2\/product_tag?post=4406"}],"curies":[{"name":"wp","href":"https:\/\/api.w.org\/{rel}","templated":true}]}}