{"id":9333,"date":"2025-12-09T14:01:47","date_gmt":"2025-12-09T14:01:47","guid":{"rendered":"https:\/\/wangfamirie.com\/?post_type=product&#038;p=9333"},"modified":"2025-12-11T19:32:51","modified_gmt":"2025-12-11T19:32:51","slug":"purol-vaseline","status":"publish","type":"product","link":"https:\/\/wangfamirie.com\/nl\/product\/purol-vaseline\/","title":{"rendered":"PUROL Vaseline"},"content":{"rendered":"","protected":false},"excerpt":{"rendered":"<h2>Purol Vaseline blikje 50ml<\/h2>\n<div class=\"product-info\">\n<div class=\"texteditor\">\n<p><strong>Purol Vaseline<\/strong><\/p>\n<p>Purol Vaseline beschermt je huid en lippen tegen weersinvloeden en verzacht en verzorgt je huid bij irritaties. De cr\u00e8me is zuurvrij, reukloos en biedt een goede bescherming tegen zon, wind en kou. Vochtverlies wordt voorkomen. De cr\u00e8me is ook ideaal om je ruwe huid of gesprongen lippen mee te verzorgen. Daarnaast werkt de cr\u00e8me ook verzachtend bij luierirritaties. De cr\u00e8me is geschikt voor alle huidtypes, ook de gevoelige huid.<\/p>\n<\/div>\n<\/div>","protected":false},"featured_media":9351,"comment_status":"open","ping_status":"closed","template":"","meta":[],"product_brand":[],"product_cat":[92],"product_tag":[],"class_list":{"0":"post-9333","1":"product","2":"type-product","3":"status-publish","4":"has-post-thumbnail","6":"product_cat-pharma","8":"first","9":"instock","10":"taxable","11":"shipping-taxable","12":"purchasable","13":"product-type-simple"},"_links":{"self":[{"href":"https:\/\/wangfamirie.com\/nl\/wp-json\/wp\/v2\/product\/9333","targetHints":{"allow":["GET"]}}],"collection":[{"href":"https:\/\/wangfamirie.com\/nl\/wp-json\/wp\/v2\/product"}],"about":[{"href":"https:\/\/wangfamirie.com\/nl\/wp-json\/wp\/v2\/types\/product"}],"replies":[{"embeddable":true,"href":"https:\/\/wangfamirie.com\/nl\/wp-json\/wp\/v2\/comments?post=9333"}],"wp:featuredmedia":[{"embeddable":true,"href":"https:\/\/wangfamirie.com\/nl\/wp-json\/wp\/v2\/media\/9351"}],"wp:attachment":[{"href":"https:\/\/wangfamirie.com\/nl\/wp-json\/wp\/v2\/media?parent=9333"}],"wp:term":[{"taxonomy":"product_brand","embeddable":true,"href":"https:\/\/wangfamirie.com\/nl\/wp-json\/wp\/v2\/product_brand?post=9333"},{"taxonomy":"product_cat","embeddable":true,"href":"https:\/\/wangfamirie.com\/nl\/wp-json\/wp\/v2\/product_cat?post=9333"},{"taxonomy":"product_tag","embeddable":true,"href":"https:\/\/wangfamirie.com\/nl\/wp-json\/wp\/v2\/product_tag?post=9333"}],"curies":[{"name":"wp","href":"https:\/\/api.w.org\/{rel}","templated":true}]}}